{"id":361,"date":"2025-03-19T17:22:48","date_gmt":"2025-03-19T16:22:48","guid":{"rendered":"https:\/\/supplementation-collagene.fr\/?page_id=361"},"modified":"2025-05-31T15:06:37","modified_gmt":"2025-05-31T13:06:37","slug":"acceuil","status":"publish","type":"page","link":"https:\/\/supplementation-collagene.fr\/","title":{"rendered":"Le sp\u00e9cialiste de la suppl\u00e9mentation en collag\u00e8ne !"},"content":{"rendered":"\n<p class=\"has-text-align-center\" style=\"margin-top:0.5rem;margin-right:0;margin-bottom:0.5rem;margin-left:0;font-size:25px\"><strong>Le sp\u00e9cialiste de la suppl\u00e9mentation en collag\u00e8ne !<\/strong><\/p>\n\n\n\n<p class=\"has-text-align-center has-medium-font-size\" style=\"margin-top:var(--wp--preset--spacing--40);margin-right:0;margin-bottom:var(--wp--preset--spacing--70);margin-left:0\">Ici, vous trouverez toutes les cl\u00e9s pour mieux comprendre le r\u00f4le essentiel du collag\u00e8ne dans votre bien-\u00eatre au quotidien. Que vous soyez curieux\u00b7se, d\u00e9butant\u00b7e ou d\u00e9j\u00e0 adepte, nous vous guidons \u00e0 travers les bienfaits, les diff\u00e9rents types de collag\u00e8ne, et les meilleures fa\u00e7ons de l\u2019int\u00e9grer \u00e0 votre routine. Prenez soin de vous !<\/p>\n\n\n\n<h2 class=\"wp-block-heading alignwide has-text-align-center has-ast-global-color-3-color has-ast-global-color-7-background-color has-text-color has-background has-link-color wp-elements-9c65eabdf8d8a72525528c5942317901\" style=\"border-style:none;border-width:0px;border-radius:28px;margin-top:var(--wp--preset--spacing--40);margin-bottom:var(--wp--preset--spacing--40);padding-top:var(--wp--preset--spacing--40);padding-right:0;padding-bottom:var(--wp--preset--spacing--40);padding-left:0\"><strong>\u00c0 LA UNE :<\/strong><\/h2>\n\n\n\n<div class=\"wp-block-columns has-ast-global-color-4-background-color has-background has-medium-font-size is-layout-flex wp-container-core-columns-is-layout-4 wp-block-columns-is-layout-flex\" style=\"border-style:none;border-width:0px;border-radius:0px;margin-top:0;margin-bottom:0;padding-top:var(--wp--preset--spacing--60);padding-bottom:0\">\n<div class=\"wp-block-column is-layout-flow wp-block-column-is-layout-flow\" style=\"flex-basis:100%\">\n<div class=\"wp-block-query is-layout-flow wp-block-query-is-layout-flow\"><ul class=\"wp-block-post-template is-layout-flow wp-container-core-post-template-is-layout-1 wp-block-post-template-is-layout-flow\"><li class=\"wp-block-post post-432 post type-post status-publish format-standard has-post-thumbnail hentry category-blog\">\n\n<div class=\"wp-block-columns alignwide is-layout-flex wp-container-core-columns-is-layout-1 wp-block-columns-is-layout-flex\">\n<div class=\"wp-block-column is-layout-flow wp-block-column-is-layout-flow\" style=\"padding-top:var(--wp--preset--spacing--40);padding-bottom:var(--wp--preset--spacing--40);flex-basis:66.66%\"><figure class=\"wp-block-post-featured-image\"><a href=\"https:\/\/supplementation-collagene.fr\/?p=432\" target=\"_self\"  ><img loading=\"lazy\" decoding=\"async\" width=\"1280\" height=\"720\" src=\"https:\/\/supplementation-collagene.fr\/wp-content\/uploads\/2025\/06\/Fabien_Pastier_food_supplement_collagen_powder_capsules_or_liqui_1c753af1-d928-4e9d-9502-622caa26e51c.png\" class=\"attachment-post-thumbnail size-post-thumbnail wp-post-image\" alt=\"Collag\u00e8ne en poudre, en g\u00e9lules ou en boisson ?\" style=\"border-radius:76px;border-style:none;border-width:0px;object-fit:cover;\" srcset=\"https:\/\/supplementation-collagene.fr\/wp-content\/uploads\/2025\/06\/Fabien_Pastier_food_supplement_collagen_powder_capsules_or_liqui_1c753af1-d928-4e9d-9502-622caa26e51c.png 1280w, https:\/\/supplementation-collagene.fr\/wp-content\/uploads\/2025\/06\/Fabien_Pastier_food_supplement_collagen_powder_capsules_or_liqui_1c753af1-d928-4e9d-9502-622caa26e51c-300x169.png 300w, https:\/\/supplementation-collagene.fr\/wp-content\/uploads\/2025\/06\/Fabien_Pastier_food_supplement_collagen_powder_capsules_or_liqui_1c753af1-d928-4e9d-9502-622caa26e51c-1024x576.png 1024w, https:\/\/supplementation-collagene.fr\/wp-content\/uploads\/2025\/06\/Fabien_Pastier_food_supplement_collagen_powder_capsules_or_liqui_1c753af1-d928-4e9d-9502-622caa26e51c-768x432.png 768w\" sizes=\"auto, (max-width: 1280px) 100vw, 1280px\" \/><\/a><\/figure><\/div>\n\n\n\n<div class=\"wp-block-column has-medium-font-size is-layout-flow wp-block-column-is-layout-flow\" style=\"padding-top:var(--wp--preset--spacing--60);padding-bottom:var(--wp--preset--spacing--60);flex-basis:33.33%\"><h2 style=\"padding-top:0;padding-bottom:0;padding-left:0;padding-right:0;margin-top:0;margin-bottom:0;\" class=\"wp-block-post-title\"><a href=\"https:\/\/supplementation-collagene.fr\/?p=432\" target=\"_self\" >Collag\u00e8ne en poudre, en g\u00e9lules ou en boisson ?<\/a><\/h2>\n\n<div style=\"border-style:none;border-width:0px; padding-top:0;padding-bottom:0;margin-top:0;margin-bottom:0;\" class=\"wp-block-post-excerpt has-medium-font-size\"><p class=\"wp-block-post-excerpt__excerpt\">Collag\u00e8ne en poudre, en g\u00e9lules ou en boisson ? Le collag\u00e8ne est une prot\u00e9ine essentielle pour la structure et l&rsquo;\u00e9lasticit\u00e9 [&hellip;] <\/p><\/div><\/div>\n<\/div>\n\n<\/li><li class=\"wp-block-post post-864 post type-post status-publish format-standard has-post-thumbnail hentry category-blog\">\n\n<div class=\"wp-block-columns alignwide is-layout-flex wp-container-core-columns-is-layout-2 wp-block-columns-is-layout-flex\">\n<div class=\"wp-block-column is-layout-flow wp-block-column-is-layout-flow\" style=\"padding-top:var(--wp--preset--spacing--40);padding-bottom:var(--wp--preset--spacing--40);flex-basis:66.66%\"><figure class=\"wp-block-post-featured-image\"><a href=\"https:\/\/supplementation-collagene.fr\/?p=864\" target=\"_self\"  ><img loading=\"lazy\" decoding=\"async\" width=\"1472\" height=\"832\" src=\"https:\/\/supplementation-collagene.fr\/wp-content\/uploads\/2025\/04\/uri_ifs___M_42fb8ff9-4bb1-4cf1-bf54-659dfbfd08fa.jpg\" class=\"attachment-post-thumbnail size-post-thumbnail wp-post-image\" alt=\"Prise de masse musculaire : les effets surprenants du collag\u00e8ne\" style=\"border-radius:76px;border-style:none;border-width:0px;object-fit:cover;\" srcset=\"https:\/\/supplementation-collagene.fr\/wp-content\/uploads\/2025\/04\/uri_ifs___M_42fb8ff9-4bb1-4cf1-bf54-659dfbfd08fa.jpg 1472w, https:\/\/supplementation-collagene.fr\/wp-content\/uploads\/2025\/04\/uri_ifs___M_42fb8ff9-4bb1-4cf1-bf54-659dfbfd08fa-300x170.jpg 300w, https:\/\/supplementation-collagene.fr\/wp-content\/uploads\/2025\/04\/uri_ifs___M_42fb8ff9-4bb1-4cf1-bf54-659dfbfd08fa-1024x579.jpg 1024w, https:\/\/supplementation-collagene.fr\/wp-content\/uploads\/2025\/04\/uri_ifs___M_42fb8ff9-4bb1-4cf1-bf54-659dfbfd08fa-768x434.jpg 768w\" sizes=\"auto, (max-width: 1472px) 100vw, 1472px\" \/><\/a><\/figure><\/div>\n\n\n\n<div class=\"wp-block-column has-medium-font-size is-layout-flow wp-block-column-is-layout-flow\" style=\"padding-top:var(--wp--preset--spacing--60);padding-bottom:var(--wp--preset--spacing--60);flex-basis:33.33%\"><h2 style=\"padding-top:0;padding-bottom:0;padding-left:0;padding-right:0;margin-top:0;margin-bottom:0;\" class=\"wp-block-post-title\"><a href=\"https:\/\/supplementation-collagene.fr\/?p=864\" target=\"_self\" >Prise de masse musculaire : les effets surprenants du collag\u00e8ne<\/a><\/h2>\n\n<div style=\"border-style:none;border-width:0px; padding-top:0;padding-bottom:0;margin-top:0;margin-bottom:0;\" class=\"wp-block-post-excerpt has-medium-font-size\"><p class=\"wp-block-post-excerpt__excerpt\">Prise de masse musculaire : les effets surprenants du collag\u00e8ne Lorsqu&rsquo;on parle de prise de masse musculaire, les premiers suppl\u00e9ments [&hellip;] <\/p><\/div><\/div>\n<\/div>\n\n<\/li><li class=\"wp-block-post post-822 post type-post status-publish format-standard has-post-thumbnail hentry category-blog\">\n\n<div class=\"wp-block-columns alignwide is-layout-flex wp-container-core-columns-is-layout-3 wp-block-columns-is-layout-flex\">\n<div class=\"wp-block-column is-layout-flow wp-block-column-is-layout-flow\" style=\"padding-top:var(--wp--preset--spacing--40);padding-bottom:var(--wp--preset--spacing--40);flex-basis:66.66%\"><figure class=\"wp-block-post-featured-image\"><a href=\"https:\/\/supplementation-collagene.fr\/?p=822\" target=\"_self\"  ><img loading=\"lazy\" decoding=\"async\" width=\"1020\" height=\"642\" src=\"https:\/\/supplementation-collagene.fr\/wp-content\/uploads\/2025\/04\/image0_0-1-e1744730656164.jpg\" class=\"attachment-post-thumbnail size-post-thumbnail wp-post-image\" alt=\"Collag\u00e8ne v\u00e9g\u00e9tarien : alternatives r\u00e9elles et fausse promesse du \u00ab\u00a0V\u00e9gan\u00a0\u00bb\" style=\"border-radius:76px;border-style:none;border-width:0px;object-fit:cover;\" srcset=\"https:\/\/supplementation-collagene.fr\/wp-content\/uploads\/2025\/04\/image0_0-1-e1744730656164.jpg 1020w, https:\/\/supplementation-collagene.fr\/wp-content\/uploads\/2025\/04\/image0_0-1-e1744730656164-300x189.jpg 300w, https:\/\/supplementation-collagene.fr\/wp-content\/uploads\/2025\/04\/image0_0-1-e1744730656164-768x483.jpg 768w\" sizes=\"auto, (max-width: 1020px) 100vw, 1020px\" \/><\/a><\/figure><\/div>\n\n\n\n<div class=\"wp-block-column has-medium-font-size is-layout-flow wp-block-column-is-layout-flow\" style=\"padding-top:var(--wp--preset--spacing--60);padding-bottom:var(--wp--preset--spacing--60);flex-basis:33.33%\"><h2 style=\"padding-top:0;padding-bottom:0;padding-left:0;padding-right:0;margin-top:0;margin-bottom:0;\" class=\"wp-block-post-title\"><a href=\"https:\/\/supplementation-collagene.fr\/?p=822\" target=\"_self\" >Collag\u00e8ne v\u00e9g\u00e9tarien : alternatives r\u00e9elles et fausse promesse du \u00ab\u00a0V\u00e9gan\u00a0\u00bb<\/a><\/h2>\n\n<div style=\"border-style:none;border-width:0px; padding-top:0;padding-bottom:0;margin-top:0;margin-bottom:0;\" class=\"wp-block-post-excerpt has-medium-font-size\"><p class=\"wp-block-post-excerpt__excerpt\">Collag\u00e8ne v\u00e9g\u00e9tarien : alternatives r\u00e9elles et fausse promesse du \u00ab\u00a0V\u00e9gan\u00a0\u00bb Dans le domaine de la nutrition et de la cosm\u00e9tique, [&hellip;] <\/p><\/div><\/div>\n<\/div>\n\n<\/li><\/ul><\/div>\n<\/div>\n<\/div>\n\n\n\n<div class=\"wp-block-buttons is-horizontal is-content-justification-center is-layout-flex wp-container-core-buttons-is-layout-1 wp-block-buttons-is-layout-flex\" style=\"margin-top:0;margin-bottom:var(--wp--preset--spacing--50);padding-top:var(--wp--preset--spacing--40);padding-bottom:var(--wp--preset--spacing--40)\">\n<div class=\"wp-block-button\"><a class=\"wp-block-button__link wp-element-button\" href=\"https:\/\/supplementation-collagene.fr\/?cat=1\" style=\"border-style:none;border-width:0px;padding-top:var(--wp--preset--spacing--40);padding-bottom:var(--wp--preset--spacing--40)\">Tous les articles<\/a><\/div>\n<\/div>\n\n\n\n<h2 class=\"wp-block-heading has-text-align-center has-ast-global-color-3-color has-ast-global-color-7-background-color has-text-color has-background has-link-color wp-elements-0457b4e61bae19bb803653b3799ec28b\" style=\"border-style:none;border-width:0px;border-radius:28px;padding-top:var(--wp--preset--spacing--40);padding-bottom:var(--wp--preset--spacing--40)\">Derni\u00e8res recettes<\/h2>\n\n\n\n<div class=\"wp-block-query is-layout-flow wp-block-query-is-layout-flow\"><ul class=\"wp-block-post-template is-layout-flow wp-block-post-template-is-layout-flow\"><li class=\"wp-block-post post-1040 post type-post status-publish format-standard has-post-thumbnail hentry category-recettes\">\n\n<div class=\"wp-block-columns are-vertically-aligned-center has-medium-font-size is-layout-flex wp-container-core-columns-is-layout-5 wp-block-columns-is-layout-flex\" style=\"margin-top:var(--wp--preset--spacing--50);margin-bottom:var(--wp--preset--spacing--50);padding-bottom:0\">\n<div class=\"wp-block-column is-vertically-aligned-center is-layout-flow wp-block-column-is-layout-flow\" style=\"flex-basis:25%\"><figure class=\"wp-block-post-featured-image\"><a href=\"https:\/\/supplementation-collagene.fr\/?p=1040\" target=\"_self\"  ><img loading=\"lazy\" decoding=\"async\" width=\"1312\" height=\"736\" src=\"https:\/\/supplementation-collagene.fr\/wp-content\/uploads\/2025\/06\/a-photograph-of-a-steaming-golden-latte-_1gcOmGWdT9KjazWq9jhnKw_nRZQdVJ_RhWOQj1oJawrdw.jpeg\" class=\"attachment-post-thumbnail size-post-thumbnail wp-post-image\" alt=\"\u2615 Caf\u00e9 Collag\u00e8ne Latte Sain &amp; Cr\u00e9meux\" style=\"border-radius:26px;object-fit:cover;\" srcset=\"https:\/\/supplementation-collagene.fr\/wp-content\/uploads\/2025\/06\/a-photograph-of-a-steaming-golden-latte-_1gcOmGWdT9KjazWq9jhnKw_nRZQdVJ_RhWOQj1oJawrdw.jpeg 1312w, https:\/\/supplementation-collagene.fr\/wp-content\/uploads\/2025\/06\/a-photograph-of-a-steaming-golden-latte-_1gcOmGWdT9KjazWq9jhnKw_nRZQdVJ_RhWOQj1oJawrdw-300x168.jpeg 300w, https:\/\/supplementation-collagene.fr\/wp-content\/uploads\/2025\/06\/a-photograph-of-a-steaming-golden-latte-_1gcOmGWdT9KjazWq9jhnKw_nRZQdVJ_RhWOQj1oJawrdw-1024x574.jpeg 1024w, https:\/\/supplementation-collagene.fr\/wp-content\/uploads\/2025\/06\/a-photograph-of-a-steaming-golden-latte-_1gcOmGWdT9KjazWq9jhnKw_nRZQdVJ_RhWOQj1oJawrdw-768x431.jpeg 768w\" sizes=\"auto, (max-width: 1312px) 100vw, 1312px\" \/><\/a><\/figure><\/div>\n\n\n\n<div class=\"wp-block-column is-vertically-aligned-center is-layout-flow wp-block-column-is-layout-flow\" style=\"flex-basis:75%\"><h2 style=\"font-size:26px;\" class=\"wp-block-post-title\"><a href=\"https:\/\/supplementation-collagene.fr\/?p=1040\" target=\"_self\" >\u2615 Caf\u00e9 Collag\u00e8ne Latte Sain &amp; Cr\u00e9meux<\/a><\/h2><\/div>\n<\/div>\n\n<\/li><li class=\"wp-block-post post-934 post type-post status-publish format-standard has-post-thumbnail hentry category-recettes\">\n\n<div class=\"wp-block-columns are-vertically-aligned-center has-medium-font-size is-layout-flex wp-container-core-columns-is-layout-6 wp-block-columns-is-layout-flex\" style=\"margin-top:var(--wp--preset--spacing--50);margin-bottom:var(--wp--preset--spacing--50);padding-bottom:0\">\n<div class=\"wp-block-column is-vertically-aligned-center is-layout-flow wp-block-column-is-layout-flow\" style=\"flex-basis:25%\"><figure class=\"wp-block-post-featured-image\"><a href=\"https:\/\/supplementation-collagene.fr\/?p=934\" target=\"_self\"  ><img loading=\"lazy\" decoding=\"async\" width=\"1312\" height=\"736\" src=\"https:\/\/supplementation-collagene.fr\/wp-content\/uploads\/2025\/05\/a-photograph-of-a-stack-of-three-muffins_jHmIqE90T16hcArW_DIEaQ_ZsBDIl2hTtSXUATiQQV1qw.jpeg\" class=\"attachment-post-thumbnail size-post-thumbnail wp-post-image\" alt=\"\ud83e\uddc1 Muffins prot\u00e9in\u00e9s au collag\u00e8ne\" style=\"border-radius:26px;object-fit:cover;\" srcset=\"https:\/\/supplementation-collagene.fr\/wp-content\/uploads\/2025\/05\/a-photograph-of-a-stack-of-three-muffins_jHmIqE90T16hcArW_DIEaQ_ZsBDIl2hTtSXUATiQQV1qw.jpeg 1312w, https:\/\/supplementation-collagene.fr\/wp-content\/uploads\/2025\/05\/a-photograph-of-a-stack-of-three-muffins_jHmIqE90T16hcArW_DIEaQ_ZsBDIl2hTtSXUATiQQV1qw-300x168.jpeg 300w, https:\/\/supplementation-collagene.fr\/wp-content\/uploads\/2025\/05\/a-photograph-of-a-stack-of-three-muffins_jHmIqE90T16hcArW_DIEaQ_ZsBDIl2hTtSXUATiQQV1qw-1024x574.jpeg 1024w, https:\/\/supplementation-collagene.fr\/wp-content\/uploads\/2025\/05\/a-photograph-of-a-stack-of-three-muffins_jHmIqE90T16hcArW_DIEaQ_ZsBDIl2hTtSXUATiQQV1qw-768x431.jpeg 768w\" sizes=\"auto, (max-width: 1312px) 100vw, 1312px\" \/><\/a><\/figure><\/div>\n\n\n\n<div class=\"wp-block-column is-vertically-aligned-center is-layout-flow wp-block-column-is-layout-flow\" style=\"flex-basis:75%\"><h2 style=\"font-size:26px;\" class=\"wp-block-post-title\"><a href=\"https:\/\/supplementation-collagene.fr\/?p=934\" target=\"_self\" >\ud83e\uddc1 Muffins prot\u00e9in\u00e9s au collag\u00e8ne<\/a><\/h2><\/div>\n<\/div>\n\n<\/li><li class=\"wp-block-post post-562 post type-post status-publish format-standard has-post-thumbnail hentry category-recettes\">\n\n<div class=\"wp-block-columns are-vertically-aligned-center has-medium-font-size is-layout-flex wp-container-core-columns-is-layout-7 wp-block-columns-is-layout-flex\" style=\"margin-top:var(--wp--preset--spacing--50);margin-bottom:var(--wp--preset--spacing--50);padding-bottom:0\">\n<div class=\"wp-block-column is-vertically-aligned-center is-layout-flow wp-block-column-is-layout-flow\" style=\"flex-basis:25%\"><figure class=\"wp-block-post-featured-image\"><a href=\"https:\/\/supplementation-collagene.fr\/?p=562\" target=\"_self\"  ><img loading=\"lazy\" decoding=\"async\" width=\"1312\" height=\"736\" src=\"https:\/\/supplementation-collagene.fr\/wp-content\/uploads\/2025\/04\/a-photograph-of-a-refreshing-smoothie-in_i73_765aRsawagCMP2n9xg_uHmY6nxHSFGkLlEFRLvfCw.jpeg\" class=\"attachment-post-thumbnail size-post-thumbnail wp-post-image\" alt=\"\ud83e\udd6d Smoothie vitalit\u00e9, mangue, banane &amp; \u00e9pinards\" style=\"border-radius:26px;object-fit:cover;\" srcset=\"https:\/\/supplementation-collagene.fr\/wp-content\/uploads\/2025\/04\/a-photograph-of-a-refreshing-smoothie-in_i73_765aRsawagCMP2n9xg_uHmY6nxHSFGkLlEFRLvfCw.jpeg 1312w, https:\/\/supplementation-collagene.fr\/wp-content\/uploads\/2025\/04\/a-photograph-of-a-refreshing-smoothie-in_i73_765aRsawagCMP2n9xg_uHmY6nxHSFGkLlEFRLvfCw-300x168.jpeg 300w, https:\/\/supplementation-collagene.fr\/wp-content\/uploads\/2025\/04\/a-photograph-of-a-refreshing-smoothie-in_i73_765aRsawagCMP2n9xg_uHmY6nxHSFGkLlEFRLvfCw-1024x574.jpeg 1024w, https:\/\/supplementation-collagene.fr\/wp-content\/uploads\/2025\/04\/a-photograph-of-a-refreshing-smoothie-in_i73_765aRsawagCMP2n9xg_uHmY6nxHSFGkLlEFRLvfCw-768x431.jpeg 768w\" sizes=\"auto, (max-width: 1312px) 100vw, 1312px\" \/><\/a><\/figure><\/div>\n\n\n\n<div class=\"wp-block-column is-vertically-aligned-center is-layout-flow wp-block-column-is-layout-flow\" style=\"flex-basis:75%\"><h2 style=\"font-size:26px;\" class=\"wp-block-post-title\"><a href=\"https:\/\/supplementation-collagene.fr\/?p=562\" target=\"_self\" >\ud83e\udd6d Smoothie vitalit\u00e9, mangue, banane &amp; \u00e9pinards<\/a><\/h2><\/div>\n<\/div>\n\n<\/li><\/ul><\/div>\n\n\n\n<div class=\"wp-block-buttons is-content-justification-center is-layout-flex wp-container-core-buttons-is-layout-2 wp-block-buttons-is-layout-flex\">\n<div class=\"wp-block-button\"><a class=\"wp-block-button__link wp-element-button\" href=\"https:\/\/supplementation-collagene.fr\/?cat=32\" style=\"padding-top:var(--wp--preset--spacing--40);padding-bottom:var(--wp--preset--spacing--40)\">Nos recettes<\/a><\/div>\n<\/div>\n\n\n\n<p><\/p>\n","protected":false},"excerpt":{"rendered":"<p>Le sp\u00e9cialiste de la suppl\u00e9mentation en collag\u00e8ne ! Ici, vous trouverez toutes les cl\u00e9s pour mieux comprendre le r\u00f4le essentiel [&hellip;]<\/p>\n","protected":false},"author":1,"featured_media":0,"parent":0,"menu_order":0,"comment_status":"closed","ping_status":"closed","template":"","meta":{"om_disable_all_campaigns":false,"_monsterinsights_skip_tracking":false,"_monsterinsights_sitenote_active":false,"_monsterinsights_sitenote_note":"","_monsterinsights_sitenote_category":0,"site-sidebar-layout":"default","site-content-layout":"","ast-site-content-layout":"","site-content-style":"default","site-sidebar-style":"default","ast-global-header-display":"","ast-banner-title-visibility":"","ast-main-header-display":"","ast-hfb-above-header-display":"","ast-hfb-below-header-display":"","ast-hfb-mobile-header-display":"","site-post-title":"disabled","ast-breadcrumbs-content":"","ast-featured-img":"","footer-sml-layout":"","theme-transparent-header-meta":"","adv-header-id-meta":"","stick-header-meta":"","header-above-stick-meta":"","header-main-stick-meta":"","header-below-stick-meta":"","astra-migrate-meta-layouts":"default","ast-page-background-enabled":"default","ast-page-background-meta":{"desktop":{"background-color":"var(--ast-global-color-5)","background-image":"","background-repeat":"repeat","background-position":"center center","background-size":"auto","background-attachment":"scroll","background-type":"","background-media":"","overlay-type":"","overlay-color":"","overlay-opacity":"","overlay-gradient":""},"tablet":{"background-color":"","background-image":"","background-repeat":"repeat","background-position":"center center","background-size":"auto","background-attachment":"scroll","background-type":"","background-media":"","overlay-type":"","overlay-color":"","overlay-opacity":"","overlay-gradient":""},"mobile":{"background-color":"","background-image":"","background-repeat":"repeat","background-position":"center center","background-size":"auto","background-attachment":"scroll","background-type":"","background-media":"","overlay-type":"","overlay-color":"","overlay-opacity":"","overlay-gradient":""}},"ast-content-background-meta":{"desktop":{"background-color":"var(--ast-global-color-4)","background-image":"","background-repeat":"repeat","background-position":"center center","background-size":"auto","background-attachment":"scroll","background-type":"","background-media":"","overlay-type":"","overlay-color":"","overlay-opacity":"","overlay-gradient":""},"tablet":{"background-color":"var(--ast-global-color-4)","background-image":"","background-repeat":"repeat","background-position":"center center","background-size":"auto","background-attachment":"scroll","background-type":"","background-media":"","overlay-type":"","overlay-color":"","overlay-opacity":"","overlay-gradient":""},"mobile":{"background-color":"var(--ast-global-color-4)","background-image":"","background-repeat":"repeat","background-position":"center center","background-size":"auto","background-attachment":"scroll","background-type":"","background-media":"","overlay-type":"","overlay-color":"","overlay-opacity":"","overlay-gradient":""}},"footnotes":""},"class_list":["post-361","page","type-page","status-publish","hentry"],"aioseo_notices":[],"_links":{"self":[{"href":"https:\/\/supplementation-collagene.fr\/index.php?rest_route=\/wp\/v2\/pages\/361","targetHints":{"allow":["GET"]}}],"collection":[{"href":"https:\/\/supplementation-collagene.fr\/index.php?rest_route=\/wp\/v2\/pages"}],"about":[{"href":"https:\/\/supplementation-collagene.fr\/index.php?rest_route=\/wp\/v2\/types\/page"}],"author":[{"embeddable":true,"href":"https:\/\/supplementation-collagene.fr\/index.php?rest_route=\/wp\/v2\/users\/1"}],"replies":[{"embeddable":true,"href":"https:\/\/supplementation-collagene.fr\/index.php?rest_route=%2Fwp%2Fv2%2Fcomments&post=361"}],"version-history":[{"count":77,"href":"https:\/\/supplementation-collagene.fr\/index.php?rest_route=\/wp\/v2\/pages\/361\/revisions"}],"predecessor-version":[{"id":971,"href":"https:\/\/supplementation-collagene.fr\/index.php?rest_route=\/wp\/v2\/pages\/361\/revisions\/971"}],"wp:attachment":[{"href":"https:\/\/supplementation-collagene.fr\/index.php?rest_route=%2Fwp%2Fv2%2Fmedia&parent=361"}],"curies":[{"name":"wp","href":"https:\/\/api.w.org\/{rel}","templated":true}]}}